{"id":3676,"date":"2024-02-28T12:28:10","date_gmt":"2024-02-28T06:58:10","guid":{"rendered":"https:\/\/journal.ipem.edu.in\/computer_applications\/?page_id=3676"},"modified":"2024-03-30T14:19:35","modified_gmt":"2024-03-30T08:49:35","slug":"approach-based-analysis-of-machine-learning-algorithms","status":"publish","type":"page","link":"https:\/\/journal.ipem.edu.in\/computer_applications\/approach-based-analysis-of-machine-learning-algorithms\/","title":{"rendered":"Approach Based Analysis Of Machine Learning Algorithms"},"content":{"rendered":"\t\t<div data-elementor-type=\"wp-page\" data-elementor-id=\"3676\" class=\"elementor elementor-3676\">\n\t\t\t\t\t\t<div class=\"elementor-inner\">\n\t\t\t\t<div class=\"elementor-section-wrap\">\n\t\t\t\t\t\t\t\t\t<section data-particle_enable=\"false\" data-particle-mobile-disabled=\"false\" class=\"elementor-section elementor-top-section elementor-element elementor-element-3b3d6bf elementor-section-boxed elementor-section-height-default elementor-section-height-default\" data-id=\"3b3d6bf\" data-element_type=\"section\">\n\t\t\t\t\t\t<div class=\"elementor-container elementor-column-gap-default\">\n\t\t\t\t\t\t\t<div class=\"elementor-row\">\n\t\t\t\t\t<div class=\"elementor-column elementor-col-100 elementor-top-column elementor-element elementor-element-d724340\" data-id=\"d724340\" data-element_type=\"column\">\n\t\t\t<div class=\"elementor-column-wrap elementor-element-populated\">\n\t\t\t\t\t\t\t<div class=\"elementor-widget-wrap\">\n\t\t\t\t\t\t<div class=\"elementor-element elementor-element-c722ad7 elementor-widget elementor-widget-heading\" data-id=\"c722ad7\" data-element_type=\"widget\" data-widget_type=\"heading.default\">\n\t\t\t\t<div class=\"elementor-widget-container\">\n\t\t\t<h2 class=\"elementor-heading-title elementor-size-default\">Approach Based Analysis Of Machine Learning Algorithms<\/h2>\t\t<\/div>\n\t\t\t\t<\/div>\n\t\t\t\t<div class=\"elementor-element elementor-element-12c9a41 elementor-widget elementor-widget-html\" data-id=\"12c9a41\" data-element_type=\"widget\" data-widget_type=\"html.default\">\n\t\t\t\t<div class=\"elementor-widget-container\">\n\t\t\t  <a class=\"author\" href=\"https:\/\/journal.ipem.edu.in\/computer_applications\/approach-based-analysis-of-machine-learning-algorithms\/#author\"> <em> Nisha Choudhary <\/em><\/a>\r\n\r\n\r\n\r\n\r\n\r\n                                        <p class=\"Issue\"><a href=\"https:\/\/journal.ipem.edu.in\/computer_applications\/approach-based-analysis-of-machine-learning-algorithms\/\">Vol 8 ,  Issue 1 , December 2023<\/a><span class=\"pipe\"> | <\/span>Pages: 27-33\r\n                                        <\/p>\r\n                                        \r\n                 <p class=\"doi\">DOI: <a href=\"https:\/\/journal.ipem.edu.in\/computer_applications\/approach-based-analysis-of-machine-learning-algorithms\/\">10.61691\/IPEM_CA.8.2023.27-33<\/a><\/p>\r\n\r\n                                        <p class=\"Published\"><span class=\"articledate\">Published Online: December, 2023<\/span><\/p>\r\n                                <p class=\"Download\">        <a href=\"https:\/\/journal.ipem.edu.in\/computer_applications\/wp-content\/uploads\/2024\/03\/P_5.pdf\" target=\"_blank\">Download Article<\/a><\/p>\r\n                    \t\t<\/div>\n\t\t\t\t<\/div>\n\t\t\t\t<div class=\"elementor-element elementor-element-1eb397b elementor-widget elementor-widget-eael-adv-tabs\" data-id=\"1eb397b\" data-element_type=\"widget\" data-widget_type=\"eael-adv-tabs.default\">\n\t\t\t\t<div class=\"elementor-widget-container\">\n\t\t\t        <div data-scroll-on-click=\"no\" data-scroll-speed=\"300\" id=\"eael-advance-tabs-1eb397b\" class=\"eael-advance-tabs eael-tabs-horizontal eael-tab-auto-active  active-caret-on\" data-tabid=\"1eb397b\">\n            <div class=\"eael-tabs-nav\">\n                <ul class=\"\" role=\"tablist\">\n                                            <li id=\"author\" class=\"inactive eael-tab-item-trigger eael-tab-nav-item\" aria-selected=\"true\" data-tab=\"1\" role=\"tab\" tabindex=\"0\" aria-controls=\"author-tab\" aria-expanded=\"false\">\n                            \n                            \n                            \n                                                            <span class=\"eael-tab-title title-after-icon\" >Author Affiliations<\/span>                                                    <\/li>\n                                            <li id=\"abstract\" class=\"inactive eael-tab-item-trigger eael-tab-nav-item\" aria-selected=\"false\" data-tab=\"2\" role=\"tab\" tabindex=\"-1\" aria-controls=\"abstract-tab\" aria-expanded=\"false\">\n                            \n                            \n                            \n                                                            <span class=\"eael-tab-title title-after-icon\" >Abstract<\/span>                                                    <\/li>\n                                            <li id=\"references\" class=\"inactive eael-tab-item-trigger eael-tab-nav-item\" aria-selected=\"false\" data-tab=\"3\" role=\"tab\" tabindex=\"-1\" aria-controls=\"references-tab\" aria-expanded=\"false\">\n                            \n                            \n                            \n                                                            <span class=\"eael-tab-title title-after-icon\" >References<\/span>                                                    <\/li>\n                                            <li id=\"citation\" class=\"inactive eael-tab-item-trigger eael-tab-nav-item\" aria-selected=\"false\" data-tab=\"4\" role=\"tab\" tabindex=\"-1\" aria-controls=\"citation-tab\" aria-expanded=\"false\">\n                            \n                            \n                            \n                                                            <span class=\"eael-tab-title title-after-icon\" >Citation<\/span>                                                    <\/li>\n                                    <\/ul>\n            <\/div>\n            \n            <div class=\"eael-tabs-content\">\n\t\t        \n                    <div id=\"author-tab\" class=\"clearfix eael-tab-content-item inactive\" data-title-link=\"author-tab\">\n\t\t\t\t        <p class=\"Author-bg\"><b>Author Details<\/b><\/p>\n\n<div class=\"card-body table-responsive\">\n<div class=\"autinfo\"><b class=\"sn\">1. <\/b>Nisha Choudhary, <em>Assistant Professor, Dept. Of Comp. Sc., Aggarwal College Ballabgarh<\/em><\/div>\n<div class=\"autinfo\"><\/div>\n<\/div>                    <\/div>\n\t\t        \n                    <div id=\"abstract-tab\" class=\"clearfix eael-tab-content-item inactive\" data-title-link=\"abstract-tab\">\n\t\t\t\t        <p style=\"text-align: justify;\">In the previous epoch, &#8220;artificial intelligence&#8221; and &#8220;machine learning&#8221; have become more often used terms. These phrases are frequently used reciprocally in a variety of fields, including education, research, and industry. One of the most alluring applications of artificial intelligence is machine learning. Many commonplace applications make use of learning algorithms. These learning algorithms improve how well Google and Bing and other online search engines function. Every time you use Facebook and recognise a friend&#8217;s photo, a machine learning system is at work. Email spam filters are based on a learning algorithm and spare consumers from having to sift through a deluge of spam messages. <\/p>\n<p class=\"keywords\">Keywords<\/p>\nArtificial intelligence, machine learning, machine learning algorithms\n\n                    <\/div>\n\t\t        \n                    <div id=\"references-tab\" class=\"clearfix eael-tab-content-item inactive\" data-title-link=\"references-tab\">\n\t\t\t\t        <ol>\n \t<li>Pooja Agarwal, Pooja Yadav et al, \u2015Research Paper on Artificial Intelligence\u2016, CASE STUDIES JOURNAL VOL-2, ISSUE 6 ISSN (2305-509X)] July 1, 2013<\/li>\n<\/ol>\n\n<ol start=\"2\">\n \t<li>The International Congress for global Science and Technology ICGST International Journal on Artificial Intelligence and Machine Learning (AIML), Vol (14), Issue (I), August, 2014 www.icgst.com www.icgst-amc.com <a href=\"http:\/\/www.icgst-ees.com\">icgst-ees.com<\/a><\/li>\n<\/ol>\n\n<ol start=\"3\">\n \t<li>Batta Mahesh, \u2015Machine Learning Algorithms \u2013 A Review\u2016, International Journal of Science and Research (IJSR) ISSN: 2319-7064 ResearchGate, Impact Factor (2018): 0.28 | SJIF (2018): 7.426<\/li>\n<\/ol>\n\n<ol start=\"4\">\n \t<li>Sree Divya, \u2015Machine Learning Algorithms in Big data Analytics\u2016, International Journal of Computer Sciences and Engineering Open Access Review Paper Volume-6, Issue-1 E-ISSN: 2347-2693<\/li>\n<\/ol>\n\n<ol start=\"5\">\n \t<li>Ayon Dey, \u2015Machine Learning Algorithms \u2013 A Review\u2016, (IJCSIT) International Journal of Computer Science and Information Technologies, Vol. 7 (3), 2016, 1174-1179<\/li>\n<\/ol>\n\n<ol start=\"6\">\n \t<li>\u00d6zer \u00c7EL\u0130K, \u2015A Research on Machine Learning Methods and Its Applications\u2016, Journal of Educational Technology &amp; Online Learning Volume 1, Issue 3, 2018<\/li>\n<\/ol>\n\n<ol start=\"7\">\n \t<li>Ahmad Hammoudeh, \u2016 A Concise introduction to reinforcement learning\u2016,: https:\/\/www.researchgate.net\/publication\/323178749, 2018<\/li>\n<\/ol>\n\n<ol start=\"8\">\n \t<li>Osisanwo F.Y, \u2015Supervised Machine Learning Algorithms: Classification and Comparison\u2016, International Journal of Computer Trends and Technology (IJCTT) \u2013 Volume 48 Number 3 June 2017<\/li>\n \t<li>Memoona Khanum, \u2015A Survey on Unsupervised Machine Learning Algorithms for Automation, Classification and Maintenance\u2016, International Journal of Computer Applications (0975 \u2013 8887) Volume 119 \u2013 No.13, June 2015<\/li>\n<\/ol>\n\n<ol start=\"10\">\n \t<li>Dong Yu, active learning and semi-supervised learning for speech recognition: A unified framework using the global entropy reduction maximization criterion\u2016, www.sciencedirect.com, 2008<\/li>\n<\/ol>                    <\/div>\n\t\t        \n                    <div id=\"citation-tab\" class=\"clearfix eael-tab-content-item inactive\" data-title-link=\"citation-tab\">\n\t\t\t\t        <p><strong>Choudhary (2003) ; <\/strong>Approach based analysis of machine learning algorithms , <strong>,\u00a0 <\/strong><strong>IPEM JOURNAL OF COMPUTER APPLICATION &amp; RESEARCH, 8(1) , 27-33<\/strong><\/p>                    <\/div>\n\t\t                    <\/div>\n        <\/div>\n\t\t<\/div>\n\t\t\t\t<\/div>\n\t\t\t\t\t\t<\/div>\n\t\t\t\t\t<\/div>\n\t\t<\/div>\n\t\t\t\t\t\t\t\t<\/div>\n\t\t\t\t\t<\/div>\n\t\t<\/section>\n\t\t\t\t\t\t\t\t\t<\/div>\n\t\t\t<\/div>\n\t\t\t\t\t<\/div>\n\t\t","protected":false},"excerpt":{"rendered":"<p>Approach Based Analysis Of Machine Learning Algorithms Nisha Choudhary Vol 8 , Issue 1 , December 2023 | Pages: 27-33 [&hellip;]<\/p>\n","protected":false},"author":4,"featured_media":0,"parent":0,"menu_order":0,"comment_status":"closed","ping_status":"closed","template":"elementor_header_footer","meta":{"footnotes":""},"class_list":["post-3676","page","type-page","status-publish","hentry"],"_links":{"self":[{"href":"https:\/\/journal.ipem.edu.in\/computer_applications\/wp-json\/wp\/v2\/pages\/3676","targetHints":{"allow":["GET"]}}],"collection":[{"href":"https:\/\/journal.ipem.edu.in\/computer_applications\/wp-json\/wp\/v2\/pages"}],"about":[{"href":"https:\/\/journal.ipem.edu.in\/computer_applications\/wp-json\/wp\/v2\/types\/page"}],"author":[{"embeddable":true,"href":"https:\/\/journal.ipem.edu.in\/computer_applications\/wp-json\/wp\/v2\/users\/4"}],"replies":[{"embeddable":true,"href":"https:\/\/journal.ipem.edu.in\/computer_applications\/wp-json\/wp\/v2\/comments?post=3676"}],"version-history":[{"count":10,"href":"https:\/\/journal.ipem.edu.in\/computer_applications\/wp-json\/wp\/v2\/pages\/3676\/revisions"}],"predecessor-version":[{"id":3921,"href":"https:\/\/journal.ipem.edu.in\/computer_applications\/wp-json\/wp\/v2\/pages\/3676\/revisions\/3921"}],"wp:attachment":[{"href":"https:\/\/journal.ipem.edu.in\/computer_applications\/wp-json\/wp\/v2\/media?parent=3676"}],"curies":[{"name":"wp","href":"https:\/\/api.w.org\/{rel}","templated":true}]}}