{"id":3468,"date":"2024-02-19T06:20:02","date_gmt":"2024-02-19T06:20:02","guid":{"rendered":"https:\/\/journal.ipem.edu.in\/law\/?page_id=3468"},"modified":"2024-02-27T07:29:50","modified_gmt":"2024-02-27T07:29:50","slug":"climate-change-and-the-right-to-human-health-a-legal-overlook-of-the-climate-health-crisis","status":"publish","type":"page","link":"https:\/\/journal.ipem.edu.in\/law\/climate-change-and-the-right-to-human-health-a-legal-overlook-of-the-climate-health-crisis\/","title":{"rendered":"Climate Change and the Right to Human Health: A Legal Overlook of the Climate Health Crisis"},"content":{"rendered":"\t\t<div data-elementor-type=\"wp-page\" data-elementor-id=\"3468\" class=\"elementor elementor-3468\">\n\t\t\t\t\t\t<div class=\"elementor-inner\">\n\t\t\t\t<div class=\"elementor-section-wrap\">\n\t\t\t\t\t\t\t\t\t<section data-particle_enable=\"false\" data-particle-mobile-disabled=\"false\" class=\"elementor-section elementor-top-section elementor-element elementor-element-3b3d6bf elementor-section-boxed elementor-section-height-default elementor-section-height-default\" data-id=\"3b3d6bf\" data-element_type=\"section\">\n\t\t\t\t\t\t<div class=\"elementor-container elementor-column-gap-default\">\n\t\t\t\t\t\t\t<div class=\"elementor-row\">\n\t\t\t\t\t<div class=\"elementor-column elementor-col-100 elementor-top-column elementor-element elementor-element-d724340\" data-id=\"d724340\" data-element_type=\"column\">\n\t\t\t<div class=\"elementor-column-wrap elementor-element-populated\">\n\t\t\t\t\t\t\t<div class=\"elementor-widget-wrap\">\n\t\t\t\t\t\t<div class=\"elementor-element elementor-element-c722ad7 elementor-widget elementor-widget-heading\" data-id=\"c722ad7\" data-element_type=\"widget\" data-widget_type=\"heading.default\">\n\t\t\t\t<div class=\"elementor-widget-container\">\n\t\t\t<h2 class=\"elementor-heading-title elementor-size-default\">Climate Change and the Right to Human Health: A Legal Overlook of the Climate Health Crisis<\/h2>\t\t<\/div>\n\t\t\t\t<\/div>\n\t\t\t\t<div class=\"elementor-element elementor-element-12c9a41 elementor-widget elementor-widget-html\" data-id=\"12c9a41\" data-element_type=\"widget\" data-widget_type=\"html.default\">\n\t\t\t\t<div class=\"elementor-widget-container\">\n\t\t\t\t<a class=\"author\" href=\"https:\/\/journal.ipem.edu.in\/law\/climate-change-and-the-right-to-human-health-a-legal-overlook-of-the-climate-health-crisis\/#author\"> <em> Dr. Yogendra Singh<\/em><\/a>\r\n\r\n\r\n\r\n\r\n\r\n                                        <p class=\"Issue\"><a href=\"https:\/\/journal.ipem.edu.in\/law\/climate-change-and-the-right-to-human-health-a-legal-overlook-of-the-climate-health-crisis\/\">Vol 6 ,  Issue 1 ,   December 2022<\/a><span class=\"pipe\"> | <\/span>Pages: 42-47\r\n                                        <\/p>\r\n                                        \r\n                  <p class=\"doi\">DOI:<a href=\"https:\/\/journal.ipem.edu.in\/law\/climate-change-and-the-right-to-human-health-a-legal-overlook-of-the-climate-health-crisis\/\"> 10.61691\/IPEM_Law.6.2022.42.47<\/a><\/p>\r\n\r\n                                        <p class=\"Published\"><span class=\"articledate\">Published Online: December, 2022<\/span><\/p>\r\n                                <p class=\"Download\">       <a href=\"https:\/\/journal.ipem.edu.in\/law\/wp-content\/uploads\/2024\/02\/Paper-7.pdf\" target=\"_blank\">Download Article<\/a><\/p>\r\n                    \t\t<\/div>\n\t\t\t\t<\/div>\n\t\t\t\t<div class=\"elementor-element elementor-element-1eb397b elementor-widget elementor-widget-eael-adv-tabs\" data-id=\"1eb397b\" data-element_type=\"widget\" data-widget_type=\"eael-adv-tabs.default\">\n\t\t\t\t<div class=\"elementor-widget-container\">\n\t\t\t        <div id=\"eael-advance-tabs-1eb397b\" class=\"eael-advance-tabs eael-tabs-horizontal eael-tab-auto-active  active-caret-on\" data-tabid=\"1eb397b\">\n            <div class=\"eael-tabs-nav\" role=\"tablist\">\n                <ul class=\"\" role=\"tablist\">\n                                            <li id=\"author\" class=\"inactive eael-tab-item-trigger\" aria-selected=\"true\" data-tab=\"1\" role=\"tab\" tabindex=\"0\" aria-controls=\"author-tab\" aria-expanded=\"false\">\n                            \n                            \n                            \n                                                            <span class=\"eael-tab-title  title-after-icon\">Author Affiliations<\/span>                                                    <\/li>\n                                            <li id=\"abstract\" class=\"inactive eael-tab-item-trigger\" aria-selected=\"false\" data-tab=\"2\" role=\"tab\" tabindex=\"-1\" aria-controls=\"abstract-tab\" aria-expanded=\"false\">\n                            \n                            \n                            \n                                                            <span class=\"eael-tab-title  title-after-icon\">Abstract<\/span>                                                    <\/li>\n                                            <li id=\"references\" class=\"inactive eael-tab-item-trigger\" aria-selected=\"false\" data-tab=\"3\" role=\"tab\" tabindex=\"-1\" aria-controls=\"references-tab\" aria-expanded=\"false\">\n                            \n                            \n                            \n                                                            <span class=\"eael-tab-title  title-after-icon\">References<\/span>                                                    <\/li>\n                                            <li id=\"citation\" class=\"inactive eael-tab-item-trigger\" aria-selected=\"false\" data-tab=\"4\" role=\"tab\" tabindex=\"-1\" aria-controls=\"citation-tab\" aria-expanded=\"false\">\n                            \n                            \n                            \n                                                            <span class=\"eael-tab-title  title-after-icon\">Citation<\/span>                                                    <\/li>\n                                    <\/ul>\n            <\/div>\n            \n            <div class=\"eael-tabs-content\">\n\t\t        \n                    <div id=\"author-tab\" class=\"clearfix eael-tab-content-item inactive\" data-title-link=\"author-tab\">\n\t\t\t\t        \t\t\t\t\t        <p class=\"Author-bg\"><b>Author Details<\/b><\/p>\n\n<div class=\"card-body table-responsive\">\n<div class=\"autinfo\"><b class=\"sn\">1. <\/b>Dr. Yogendra Singh,\nAssociate Professor, School of Law, IFTM University, Moradabad\n<\/div>\n<\/div>\t\t\t\t                            <\/div>\n\t\t        \n                    <div id=\"abstract-tab\" class=\"clearfix eael-tab-content-item inactive\" data-title-link=\"abstract-tab\">\n\t\t\t\t        \t\t\t\t\t        <p style=\"text-align: justify;\">All facets of society are impacted by the threat that climate change poses to human health, both locally and worldwide. Human health will be impacted by the environmental effects of climate change, both those that have already been seen and those that are yet to come, including sea level rise, changes in precipitation that cause flooding and drought, heat waves, stronger hurricanes and storms, and deteriorated air quality. It is particularly difficult to address how climate change affects human health since both the external environment and individual behaviours have an impact on health. That climate change is currently a public health emergency is supported by substantial scientific data. International human rights, environmental, and climate laws and regulations are being used in climate lawsuits taken against governments and businesses to demand accountability for activities that affect the environment and human health. Climate change's effects on human health make litigation a crucial tool for pursuing justice and successfully overturning established legal frameworks. This paper is to aims to provide a vision and way forward on how the country and its health community need to respond to environmental health risks and challenges, and to ensure safe, enabling and equitable environments for health by transforming our way of living, working, producing, consuming and governing.<\/p>\n<p class=\"keywords\">Keywords<\/p>\nclimate change, human health, environmental legal framework, sustainable development.\t\t\t\t                            <\/div>\n\t\t        \n                    <div id=\"references-tab\" class=\"clearfix eael-tab-content-item inactive\" data-title-link=\"references-tab\">\n\t\t\t\t        \t\t\t\t\t        <ol>\n\n<li>A.D.M. Jabalpur v Shivakant Shukla (1976) 2 SCC 521<\/li>\n\n<li>Almitre H. Patel v Union of India, (1998) 2 SCC 416<\/li>\n\n<li>B.L. Wadhera v Union of India, (1996) 2 SCC 594. <\/li>\n\n<li>Changing Environment and human health -Problems and Challenges. Available from: https:\/\/www.researchgate.net\/publication\/291695466_Changing_Environment_and_human_health_- Problems_and_Challenges [accessed Jul 16 2022]. <\/li>\n\n<li>Constitution of India, Article 48 <\/li>\n\n<li>Dilip Kumar Benerji vs. Kolkata Corporation Corp. (2013) 5SCC 336.<\/li>\n\n<li>Goa Foundation v Diksha Holdings Pvt. Ltd., (2001) 2 SCC 97. <\/li>\n\n<li>Intellectuals Forum, Tirupathi State of A.P. and Ors., (2006) 3 SCC 549. <\/li>\n\n<li>K. Guruprasad Rao vs. State of Karnataka (2013) 8 SCC 418. <\/li>\n\n<li>K.M. Chinnappa & T.N. GodavarmanThirumulpad v Union of India AIR 2003 SC 724 <\/li>\n\n<li>M.C. Mehta v Kamal Nath, (2000) 6 SCC 213. <\/li>\n\n<li>M.C. Mehta v Union of India, (1992) 3 SCC 256, 257. <\/li>\n\n<li>M.C. Mehta v Union of India, (1998) 6 SCC 60 <\/li>\n\n<li>M.C.Mehta v Union of India, (1999) 6 SCC 9 <\/li>\n\n<li>Murli S. Deora v Union of India, (2001) 8 SCC 765. <\/li>\n\n<li>N. D. Jayal\u2019s case, Court of Exchequer Chamber, Judgment of 14 May 1866, (1865-66) L.R. 1 Ex. 26<\/li>\n\n<li>Narmada BachaoAndolan case, (1987) 1 SCC 395. <\/li>\n\n<li>Occupational Health & Safety Measure Assn.v. Union of India (2014) 3 SCC, 547. <\/li>\n\n<li>Pr\u00fcss-\u00dcst\u00fcn, a, et al. 2006, Geneva, switzerland: World Health Organization. 104 p. <\/li>\n\n<li>Rural Litigation & Entitlement Kendra v State of UP, 1989 Supp (1) SCC 504. <\/li>\n\n<li>State of Bihar v Murad Ali Khan, (1988) 4 SCC 655. <\/li>\n\n<li>State of Himachal Pradesh v Ganesh Wood Products, (1995) 6 SCC 363. <\/li>\n\n<li>Subhash Kumar v State of Bihar, (1991) 1 SCC 598, 604. <\/li>\n\n<li>Vellore Citizens\u2019 Welfare Forum v Union of India, (1996) 5 SCC 647. <\/li>\n\n<li>Virender Gaur &Ors. v State of Haryana &Ors., (1995) 2 SCC 577.<\/li>\n\n\n\n<\/ol>\t\t\t\t                            <\/div>\n\t\t        \n                    <div id=\"citation-tab\" class=\"clearfix eael-tab-content-item inactive\" data-title-link=\"citation-tab\">\n\t\t\t\t        \t\t\t\t\t        <p>Singh. (December,2022). Climate Change &amp; the Right to Human Health: A Legal Overlook of the Climate Health Crisis. <em>IPEM LAW JOURNAL, <\/em>6, 42-46.<\/p>\t\t\t\t                            <\/div>\n\t\t                    <\/div>\n        <\/div>\n\t\t<\/div>\n\t\t\t\t<\/div>\n\t\t\t\t\t\t<\/div>\n\t\t\t\t\t<\/div>\n\t\t<\/div>\n\t\t\t\t\t\t\t\t<\/div>\n\t\t\t\t\t<\/div>\n\t\t<\/section>\n\t\t\t\t\t\t\t\t\t<\/div>\n\t\t\t<\/div>\n\t\t\t\t\t<\/div>\n\t\t","protected":false},"excerpt":{"rendered":"<p>Climate Change and the Right to Human Health: A Legal Overlook of the Climate Health Crisis Dr. Yogendra Singh Vol [&hellip;]<\/p>\n","protected":false},"author":3,"featured_media":0,"parent":0,"menu_order":0,"comment_status":"closed","ping_status":"closed","template":"elementor_header_footer","meta":{"nf_dc_page":"","footnotes":""},"class_list":["post-3468","page","type-page","status-publish","hentry"],"_links":{"self":[{"href":"https:\/\/journal.ipem.edu.in\/law\/wp-json\/wp\/v2\/pages\/3468","targetHints":{"allow":["GET"]}}],"collection":[{"href":"https:\/\/journal.ipem.edu.in\/law\/wp-json\/wp\/v2\/pages"}],"about":[{"href":"https:\/\/journal.ipem.edu.in\/law\/wp-json\/wp\/v2\/types\/page"}],"author":[{"embeddable":true,"href":"https:\/\/journal.ipem.edu.in\/law\/wp-json\/wp\/v2\/users\/3"}],"replies":[{"embeddable":true,"href":"https:\/\/journal.ipem.edu.in\/law\/wp-json\/wp\/v2\/comments?post=3468"}],"version-history":[{"count":5,"href":"https:\/\/journal.ipem.edu.in\/law\/wp-json\/wp\/v2\/pages\/3468\/revisions"}],"predecessor-version":[{"id":3661,"href":"https:\/\/journal.ipem.edu.in\/law\/wp-json\/wp\/v2\/pages\/3468\/revisions\/3661"}],"wp:attachment":[{"href":"https:\/\/journal.ipem.edu.in\/law\/wp-json\/wp\/v2\/media?parent=3468"}],"curies":[{"name":"wp","href":"https:\/\/api.w.org\/{rel}","templated":true}]}}